{"id":1252,"date":"2025-06-06T19:07:47","date_gmt":"2025-06-06T23:07:47","guid":{"rendered":"https:\/\/bestmicrophones.net\/?page_id=1252"},"modified":"2025-06-06T19:13:39","modified_gmt":"2025-06-06T23:13:39","slug":"blue-baby-bottle-sl-review","status":"publish","type":"page","link":"https:\/\/bestmicrophones.net\/index.php\/blue-baby-bottle-sl-review\/","title":{"rendered":"Blue Baby Bottle SL Review: Professional Vocals with Style"},"content":{"rendered":"\n<p><span style=\"font-size:21px;\"><strong>Blue Baby Bottle SL Microphone Review<\/strong>:<\/span><\/p>\n\n\n\n<p><strong><em>A Great Looking Mic that Sounds as Good as It Looks<\/em><\/strong><\/p>\n\n\n\n<p class=\"has-small-font-size\"><span style=\"font-size:11px;\"><i>As an Amazon Associate, I earn from qualifying purchases at no additional cost to you.<\/i><\/span><\/p>\n\n\n<div class=\"wp-block-image\">\n<figure class=\"alignleft size-full is-resized\"><img fetchpriority=\"high\" decoding=\"async\" width=\"250\" height=\"291\" src=\"https:\/\/bestmicrophones.net\/wp-content\/uploads\/2025\/06\/bluebabybottlesl-review.jpg\" alt=\"Blue Baby Bottle Microphone Review\" class=\"wp-image-1286\" style=\"width:156px;height:auto\"\/><\/figure>\n<\/div>\n\n\n<p>The Blue Baby Bottle SL microphone is a high quality studio microphone that can help you achieve professional sounding vocals at a reasonable price point for its quality level. It delivers natural, warm, smooth sounding vocals. Moreover, the Blue Baby Bottle is versatile and can be used to record electric guitar, acoustic guitar, and even some drum applications. And of course, Blue designed it to be eye catching and distinctive looking.<\/p>\n\n\n\n<p><figure class=\"wp-block-image aligncenter size-full\"><a href=\"https:\/\/amzn.to\/43ImH33\" target=\"_blank\" rel=\"noopener\"><img decoding=\"async\" width=\"250\" height=\"37\" class=\"wp-image-280\" src=\"https:\/\/bestmicrophones.net\/wp-content\/uploads\/2023\/12\/view-on-amazon-button2.png\" alt=\"\"><\/a><\/figure><\/p>\n\n\n\n<p><strong>A Brief History of Blue Microphones<\/strong><\/p>\n\n\n\n<p>To provide a history of the Blue Baby Bottle SL, it is necessary to include some history of the Blue Microphones company.<\/p>\n\n\n<div class=\"wp-block-image\">\n<figure class=\"alignright size-full\"><img decoding=\"async\" width=\"350\" height=\"273\" src=\"https:\/\/bestmicrophones.net\/wp-content\/uploads\/2025\/06\/blue-microphones-logo2.jpg\" alt=\"Blue Microphones Logo\" class=\"wp-image-1277\" srcset=\"https:\/\/bestmicrophones.net\/wp-content\/uploads\/2025\/06\/blue-microphones-logo2.jpg 350w, https:\/\/bestmicrophones.net\/wp-content\/uploads\/2025\/06\/blue-microphones-logo2-300x234.jpg 300w\" sizes=\"(max-width: 350px) 100vw, 350px\" \/><\/figure>\n<\/div>\n\n\n<p>The Blue Microphones company was officially founded in 1995 in Latvia by Latvian engineer M\u0101rti\u0146\u0161 Saulespur\u0113ns and American musician Bernard \u201cSkipper\u201d Wise.<\/p>\n\n\n\n<p>Blue stands for \u201cBaltic Latvian Universal Electronics.\u201d<\/p>\n\n\n\n<p>Blue started out as a pro recording microphone company and utilized a strategy of combining great sound plus high quality with eye catching looks. Their pro recording microphones included the Blueberry, the Dragonfly, the Kiwi, the (original) Baby Bottle, and the Bottle.<\/p>\n\n\n\n<p>From its founding until 2004, Blue\u2019s Microphones were manufactured in Latvia. However, in 2005, manufacturing moved primarily to China and to a lesser degree, the United States.<\/p>\n\n\n\n<p>During the mid 2000s, Blue decided, with Apple\u2019s encouragement, to start making quality USB microphones that would work easily with Apple\u2019s Garageband software.<\/p>\n\n\n\n<p>Skipper Wise told the LA Times that \u201cafter using the software, I knew this was going to change everything. GarageBand changed the type of business Blue is.\u201d<\/p>\n\n\n\n<p>This effort resulted in, first, the Blue Snowball, and later the Blue Yeti. These USB microphones became their biggest selling and best-known products. The Blue Snowball was even sold in Apple Stores after its launch.<\/p>\n\n\n\n<p>In 2008, a majority stake in Blue was sold to private equity company Transom Capital. The founders retained a minority stake and continued to work at Blue.<\/p>\n\n\n\n<p>In 2010, John Meier was hired as CEO of Blue.<\/p>\n\n\n\n<p>During 2013, Blue was sold again, this time to The Riverside Company. With this transaction, the two founders left Blue.<\/p>\n\n\n\n<p>Finally, in 2018 Blue was sold to the well-known Swiss manufacturer Logitech for $117 million. Following this transaction, Meier stepped down as CEO. Blue had grown \u201c10 fold\u201d during his tenure.<\/p>\n\n\n\n<p>At the time of the sale, Blue and Meier both expressed their excitement and optimism over being acquired by Logitech.<\/p>\n\n\n\n<p>However, in 2023, Logitech announced that they would be doing away with Blue\u2019s branding.<\/p>\n\n\n\n<p>Currently, on their website, they have changed to a Yeti brand with no mention of Blue on the Yeti mics. They are also only promoting the USB mics they acquired from Blue on their web site.<\/p>\n\n\n\n<p>There is no mention of any of their pro recording mics on the Logitech web site. So there is a potential risk that they are in process of being phased out.<\/p>\n\n\n\n<p>The web sites formerly operated by Blue, namely bluemic.com and bluedesigns.com, have been changed to re-direct to Logitech\u2019s web site.<\/p>\n\n\n\n<p><strong>A Brief History of the Blue Baby Bottle SL<\/strong><\/p>\n\n\n\n<p>OK, so within this overall context, let\u2019s talk about the history of the Blue Baby Bottle SL microphone.<\/p>\n\n\n\n<p>Blue founder Skipper Wise stated that, prior to the official founding of Blue in 1995, the plans and designs for 7 of Blue\u2019s original microphones were drawn up starting in 1991.<\/p>\n\n\n<div class=\"wp-block-image\">\n<figure class=\"alignright size-full\"><img loading=\"lazy\" decoding=\"async\" width=\"355\" height=\"270\" src=\"https:\/\/bestmicrophones.net\/wp-content\/uploads\/2025\/06\/blue-baby-bottle-packaging2.jpg\" alt=\"Blue Baby Bottle SL microphone packaging\" class=\"wp-image-1270\" srcset=\"https:\/\/bestmicrophones.net\/wp-content\/uploads\/2025\/06\/blue-baby-bottle-packaging2.jpg 355w, https:\/\/bestmicrophones.net\/wp-content\/uploads\/2025\/06\/blue-baby-bottle-packaging2-300x228.jpg 300w\" sizes=\"(max-width: 355px) 100vw, 355px\" \/><\/figure>\n<\/div>\n\n\n<p>However, it took many years to bring all of those microphones to life. The last of the 7 to be brought into production was the original Blue Baby Bottle, which was first released in 2001.<\/p>\n\n\n\n<p>At the time of its release, it was Blue\u2019s most affordable microphone.<\/p>\n\n\n\n<p>The styling of the original Blue Baby Bottle was based on the Blue Bottle microphone, which was their first ever mic, and which cost 10x the price of the Baby Bottle. The Bottle was a valve microphone and had 8 interchangeable capsules.<\/p>\n\n\n\n<p>The Baby Bottle was half the size of the Bottle and had only 1 capsule. The Baby Bottle sold for around $1000 and was a key component of Blue\u2019s prosumer type microphone offerings. Eventually, it and many other of Blue\u2019s top pro audio microphones were discontinued.<\/p>\n\n\n\n<p>In 2017, Blue introduced a new model of the Blue Baby Bottle called the Blue Baby Bottle SL. With nearly identical looks, it sold for a more affordable price, often around $400.<\/p>\n\n\n\n<p>The Blue Baby Bottle SL was the high end mic of the new line of mics released by Blue. Other models released in this new line of mics were the Blue Spark SL (low end model) and the Blue Bluebird SL (midrange model).<\/p>\n\n\n\n<p>Though the new model has the additional name of SL affiliated with it, we will sometimes refer to it as the Blue Baby Bottle in this review, as many people often refer to the new version that way.<\/p>\n\n\n\n<p><figure class=\"wp-block-image aligncenter size-full\"><a href=\"https:\/\/amzn.to\/43ImH33\" target=\"_blank\" rel=\"noopener\"><img decoding=\"async\" width=\"250\" height=\"37\" class=\"wp-image-280\" src=\"https:\/\/bestmicrophones.net\/wp-content\/uploads\/2023\/12\/view-on-amazon-button2.png\" alt=\"\"><\/a><\/figure><\/p>\n\n\n\n<p><strong>Notable Features of the Blue Baby Bottle SL<\/strong><\/p>\n\n\n\n<p>No review would be complete without covering the key features, so here we go.<\/p>\n\n\n\n<p>The Blue Baby Bottle SL is a large diaphragm pressure gradient condenser microphone with a cardioid polar pattern. It has a frequency response range of 20Hz to 20kHz. Max SPL is 134dB.<\/p>\n\n\n<div class=\"wp-block-image\">\n<figure class=\"alignleft size-full\"><img loading=\"lazy\" decoding=\"async\" width=\"346\" height=\"168\" src=\"https:\/\/bestmicrophones.net\/wp-content\/uploads\/2025\/06\/blue-baby-bottle-wood-box.jpg\" alt=\"Blue Baby Bottle SL microphone wooden box\" class=\"wp-image-1272\" srcset=\"https:\/\/bestmicrophones.net\/wp-content\/uploads\/2025\/06\/blue-baby-bottle-wood-box.jpg 346w, https:\/\/bestmicrophones.net\/wp-content\/uploads\/2025\/06\/blue-baby-bottle-wood-box-300x146.jpg 300w\" sizes=\"(max-width: 346px) 100vw, 346px\" \/><\/figure>\n<\/div>\n\n\n<p>The microphone has a very distinctive and elegant look to it consistent with Blue\u2019s efforts to create striking visual designs for their microphones.<\/p>\n\n\n\n<p>Also consistent with this, the overall packaging of the microphone is impressive and includes a wood box.<\/p>\n\n\n\n<p>The microphone feels quite solid and comes with a shock mount.<\/p>\n\n\n\n<p>The Baby Bottle SL comes with a high pass filter switch as well as a -20dB pad.<\/p>\n\n\n\n<p><strong>The Blue Baby Bottle SL Can Deliver Studio Quality Vocals<\/strong><\/p>\n\n\n\n<p>While it can be used to record instruments as well, the Blue Baby Bottle is primarily known for being a top vocal microphone.<\/p>\n\n\n\n<p>In our testing, it lived up to this billing. We really like this microphone a lot. It captures very natural, smooth sounding vocals.<\/p>\n\n\n<div class=\"wp-block-image\">\n<figure class=\"alignright size-full\"><img loading=\"lazy\" decoding=\"async\" width=\"400\" height=\"485\" src=\"https:\/\/bestmicrophones.net\/wp-content\/uploads\/2025\/06\/blue-baby-bottle-sl2.jpg\" alt=\"Blue Baby Bottle SL vocal microphone\" class=\"wp-image-1280\" srcset=\"https:\/\/bestmicrophones.net\/wp-content\/uploads\/2025\/06\/blue-baby-bottle-sl2.jpg 400w, https:\/\/bestmicrophones.net\/wp-content\/uploads\/2025\/06\/blue-baby-bottle-sl2-247x300.jpg 247w\" sizes=\"(max-width: 400px) 100vw, 400px\" \/><\/figure>\n<\/div>\n\n\n<p>While Blue\u2019s lower cost condenser microphone the Blue Spark SL produces a bit of a synthetic sounding vocal, there was none of that with the Blue Baby Bottle.<\/p>\n\n\n\n<p>The microphone has nice clarity and does well capturing detail. There is a nice tone on low notes that stood out. It did a strong job on louder rock vocals as well.<\/p>\n\n\n\n<p>As far as the high pass filter, whether or not you would want to use it for vocals definitely depends on the singer.<\/p>\n\n\n\n<p>It cuts through the mix better but for certain singers it may be bordering on too bright sounding on certain notes. It may be a viable option for many singers and is worth trying to see whether you like it better or worse than the standard setting.<\/p>\n\n\n\n<p>Overall, we can enthusiastically recommend the Blue Baby Bottle SL for use in recording vocals.<\/p>\n\n\n\n<p><figure class=\"wp-block-image aligncenter size-full\"><a href=\"https:\/\/amzn.to\/43ImH33\" target=\"_blank\" rel=\"noopener\"><img decoding=\"async\" width=\"250\" height=\"37\" class=\"wp-image-280\" src=\"https:\/\/bestmicrophones.net\/wp-content\/uploads\/2023\/12\/view-on-amazon-button2.png\" alt=\"\"><\/a><\/figure><\/p>\n\n\n\n<p><strong>The Blue Baby Bottle SL is an Excellent Microphone for Recording Acoustic Guitar<\/strong><\/p>\n\n\n\n<p>For this microphone review, we put the Blue Baby Bottle through the paces testing its ability to record acoustic guitar. We found that it did an excellent job.<\/p>\n\n\n\n<p>The Baby Bottle really shined on arpeggios and single notes, recording a robust, full sound that had nice clarity, good tone, and was crisp and vibrant.<\/p>\n\n\n\n<p>For lead type playing, it captured a very beautiful tone and did an especially nice job on vibrato and held notes.<\/p>\n\n\n<div class=\"wp-block-image\">\n<figure class=\"alignleft size-full is-resized\"><img loading=\"lazy\" decoding=\"async\" width=\"350\" height=\"483\" src=\"https:\/\/bestmicrophones.net\/wp-content\/uploads\/2025\/06\/blue-baby-bottle-sl-mic.jpg\" alt=\"Blue Baby Bottle SL review side view\" class=\"wp-image-1285\" style=\"width:291px;height:auto\" srcset=\"https:\/\/bestmicrophones.net\/wp-content\/uploads\/2025\/06\/blue-baby-bottle-sl-mic.jpg 350w, https:\/\/bestmicrophones.net\/wp-content\/uploads\/2025\/06\/blue-baby-bottle-sl-mic-217x300.jpg 217w\" sizes=\"(max-width: 350px) 100vw, 350px\" \/><\/figure>\n<\/div>\n\n\n<p>With fingerpicking, the Blue Baby Bottle delivered a warm, mellow sound that was rather inviting and cozy.<\/p>\n\n\n\n<p>On strummed chords, the Blue Baby Bottle did well capturing the percussive sounds of the guitar. Depending on the specific acoustic guitar, the piece being played, and the positioning of the microphone, aggressive guitar strumming was bright and crisp, and could occasionally be a little too bright sounding. This could likely be fixed with EQ as necessary.<\/p>\n\n\n\n<p>We did test the high pass filter as well. Surprisingly, we kind of liked it for chords \u2013 it was bright but not really harsh. It didn\u2019t sound as good for argeggios. For fingerpicking, it sounded good. However, the added brightness removes a bit of the rounded warmth we liked on the regular setting. It is worth experimenting with the filter for acoustic guitar to see what you think, but our inclination would be to use the regular setting.<\/p>\n\n\n\n<p><strong>The Blue Baby Bottle SL Can Help You Shape Your Sound Recording Electric Guitar<\/strong><\/p>\n\n\n\n<p>The Blue Baby Bottle is worth trying on electric guitar recordings. It can help you achieve a unique tone that you won\u2019t get it you just use a standard microphone for the purpose, like a Shure SM57.<\/p>\n\n\n\n<p>For distorted guitar \/ hard rock chords and strumming, the Blue Baby Bottle delivered a big beefy, muscular tone which sounded thick and aggressive. A sort of robust wall of sound.<\/p>\n\n\n<div class=\"wp-block-image\">\n<figure class=\"alignright size-full\"><img loading=\"lazy\" decoding=\"async\" width=\"405\" height=\"270\" src=\"https:\/\/bestmicrophones.net\/wp-content\/uploads\/2025\/06\/blue-baby-bottle-for-electric-guitar.jpg\" alt=\"Blue Baby Bottle Mic for Electric Guitar\" class=\"wp-image-1266\" srcset=\"https:\/\/bestmicrophones.net\/wp-content\/uploads\/2025\/06\/blue-baby-bottle-for-electric-guitar.jpg 405w, https:\/\/bestmicrophones.net\/wp-content\/uploads\/2025\/06\/blue-baby-bottle-for-electric-guitar-300x200.jpg 300w\" sizes=\"(max-width: 405px) 100vw, 405px\" \/><\/figure>\n<\/div>\n\n\n<p>On muting, it was solid but didn\u2019t really stand out as much.<\/p>\n\n\n\n<p>In terms of distorted lead guitar, the Blue Baby Bottle SL definitely sounds good. The tone It captured was very saturated and warm sounding. Overall, a very clear, rich tone for lead guitar.<\/p>\n\n\n\n<p>One interesting thing we tried was recording a hard rock rhythm guitar track 2x \u2013 once on the standard setting and once using the high pass filter, then panning them left and right. This produced an interesting result that is worth trying.<\/p>\n\n\n\n<p>For strummed clean sounds, the Blue Baby Bottle SL recorded a crisp, bright sound that could cut through a mix. For lead guitar, it produced especially nice mids and also sounded particularly good on sustained notes. On arpeggios, it captured a vibrant, upbeat sounding tone. Overall for clean guitar, it was excellent on the high end and mids, and a little bit lacking on the low end.<\/p>\n\n\n\n<p>One note in terms of using it for recording electric guitar: The shock mount it sits in does make it more difficult to mic amps with, especially if trying to close mic the amp. The Rode NT1 has a similar issue.<\/p>\n\n\n\n<p><strong>Conclusion<\/strong><\/p>\n\n\n\n<p>Here is a quick summary conclusion for this Blue Baby Bottle SL review.<\/p>\n\n\n\n<p>We highly recommend the Blue Baby Bottle SL microphone for recording vocals, especially at its price point. The microphone is ascetically pleasing and is a natural, warm, and smooth sounding microphone that can deliver professional sounding vocals.<\/p>\n\n\n\n<p>It has the added benefit of being versatile enough to be used to record acoustic guitar and electric guitar, doing a good job for both.<\/p>\n\n\n\n<p>As the likelihood is that Logitech is phasing out the microphone as part of their plans to only move forward with Blue\u2019s USB microphones such as the Yeti, we recommend that if you are interested in the Blue Baby Bottle SL, you may want to get it sooner rather than later.<\/p>\n\n\n\n<p><figure class=\"wp-block-image aligncenter size-full\"><a href=\"https:\/\/amzn.to\/43ImH33\" target=\"_blank\" rel=\"noopener\"><img decoding=\"async\" width=\"250\" height=\"37\" class=\"wp-image-280\" src=\"https:\/\/bestmicrophones.net\/wp-content\/uploads\/2023\/12\/view-on-amazon-button2.png\" alt=\"\"><\/a><\/figure><\/p>\n","protected":false},"excerpt":{"rendered":"<div class=\"slide-text-bg2\">\n<h3>Blue Baby Bottle SL Microphone Review: A Great Looking Mic that Sounds as Good as It Looks As an Amazon<\/h3>\n<\/div>\n<div class=\"flex-btn-div\"><a href=\"https:\/\/bestmicrophones.net\/index.php\/blue-baby-bottle-sl-review\/\" class=\"btn1 flex-btn\">Read More<\/a><\/div>\n","protected":false},"author":1,"featured_media":0,"parent":0,"menu_order":0,"comment_status":"closed","ping_status":"closed","template":"","meta":{"om_disable_all_campaigns":false,"_uag_custom_page_level_css":"","_monsterinsights_skip_tracking":false,"_monsterinsights_sitenote_active":false,"_monsterinsights_sitenote_note":"","_monsterinsights_sitenote_category":0,"footnotes":""},"class_list":["post-1252","page","type-page","status-publish","hentry"],"aioseo_notices":[],"uagb_featured_image_src":{"full":false,"thumbnail":false,"medium":false,"medium_large":false,"large":false,"1536x1536":false,"2048x2048":false},"uagb_author_info":{"display_name":"bestmicrophones.net","author_link":"https:\/\/bestmicrophones.net\/index.php\/author\/bestmicrophones-net\/"},"uagb_comment_info":0,"uagb_excerpt":"Blue Baby Bottle SL Microphone Review: A Great Looking Mic that Sounds as Good as It Looks As an AmazonRead More","_links":{"self":[{"href":"https:\/\/bestmicrophones.net\/index.php\/wp-json\/wp\/v2\/pages\/1252","targetHints":{"allow":["GET"]}}],"collection":[{"href":"https:\/\/bestmicrophones.net\/index.php\/wp-json\/wp\/v2\/pages"}],"about":[{"href":"https:\/\/bestmicrophones.net\/index.php\/wp-json\/wp\/v2\/types\/page"}],"author":[{"embeddable":true,"href":"https:\/\/bestmicrophones.net\/index.php\/wp-json\/wp\/v2\/users\/1"}],"replies":[{"embeddable":true,"href":"https:\/\/bestmicrophones.net\/index.php\/wp-json\/wp\/v2\/comments?post=1252"}],"version-history":[{"count":26,"href":"https:\/\/bestmicrophones.net\/index.php\/wp-json\/wp\/v2\/pages\/1252\/revisions"}],"predecessor-version":[{"id":1291,"href":"https:\/\/bestmicrophones.net\/index.php\/wp-json\/wp\/v2\/pages\/1252\/revisions\/1291"}],"wp:attachment":[{"href":"https:\/\/bestmicrophones.net\/index.php\/wp-json\/wp\/v2\/media?parent=1252"}],"curies":[{"name":"wp","href":"https:\/\/api.w.org\/{rel}","templated":true}]}}